{"id":4515,"date":"2015-04-04T19:36:15","date_gmt":"2015-04-04T19:36:15","guid":{"rendered":"http:\/\/monchoso.com\/test\/?page_id=4515"},"modified":"2020-03-26T14:15:57","modified_gmt":"2020-03-26T14:15:57","slug":"how-to-apply","status":"publish","type":"page","link":"https:\/\/iconic-caribbean.com\/es\/how-to-apply\/","title":{"rendered":"\u00bfC\u00f3mo solicitar?"},"content":{"rendered":"[vc_row fullwidth=&#8221;true&#8221; attached=&#8221;false&#8221; padding=&#8221;0&#8243;][vc_column width=&#8221;1\/1&#8243;][mk_page_title_box section_height=&#8221;575&#8243; bg_image=&#8221;http:\/\/iconic-caribbean.com\/eb5\/wp-content\/uploads\/2015\/04\/slide11.jpg&#8221; attachment=&#8221;scroll&#8221; bg_position=&#8221;center top&#8221; bg_stretch=&#8221;true&#8221; font_size=&#8221;45&#8243; font_weight=&#8221;normal&#8221; page_title=&#8221;How To Apply&#8221; bg_effects=&#8221;parallax&#8221; font_color=&#8221;#ffffff&#8221; sub_font_size=&#8221;26&#8243; sub_font_weight=&#8221;normal&#8221; sub_font_color=&#8221;#ffffff&#8221; bg_type=&#8221;image&#8221; text_align=&#8221;center&#8221; title_letter_spacing=&#8221;3&#8243; underline=&#8221;true&#8221; padding=&#8221;20&#8243; overlay=&#8221;rgba(10,10,10,0.42)&#8221;][mk_divider divider_width=&#8221;full_width&#8221; custom_width=&#8221;10&#8243; align=&#8221;center&#8221; border_color=&#8221;#b5121b&#8221; thickness=&#8221;3&#8243; margin_top=&#8221;0&#8243; margin_bottom=&#8221;0&#8243; style=&#8221;thin_solid&#8221;][mk_padding_divider size=&#8221;80&#8243;][\/vc_column][\/vc_row][vc_row][vc_column width=&#8221;1\/6&#8243;][\/vc_column][vc_column width=&#8221;2\/3&#8243;][mk_padding_divider size=&#8221;30&#8243;][mk_fancy_title tag_name=&#8221;h1&#8243; color=&#8221;#333333&#8243; size=&#8221;35&#8243; font_weight=&#8221;bold&#8221; letter_spacing=&#8221;1&#8243; margin_top=&#8221;0&#8243; margin_bottom=&#8221;20&#8243; align=&#8221;center&#8221; font_style=&#8221;inhert&#8221; txt_transform=&#8221;none&#8221; font_family=&#8221;none&#8221; style=&#8221;false&#8221;]\u00bfEs usted un inversionista autorizado?[\/mk_fancy_title][mk_fancy_title tag_name=&#8221;h3&#8243; color=&#8221;#333333&#8243; size=&#8221;21&#8243; font_weight=&#8221;bold&#8221; letter_spacing=&#8221;1&#8243; margin_top=&#8221;0&#8243; margin_bottom=&#8221;18&#8243; align=&#8221;center&#8221; font_style=&#8221;inhert&#8221; txt_transform=&#8221;none&#8221; font_family=&#8221;none&#8221; style=&#8221;false&#8221;]Conforme a la Comisi\u00f3n de Valores de EE.UU., un inversionista acreditado tiene un valor neto de al menos $1 mill\u00f3n, excluyendo el valor de su residencia principal, o ha tenido un ingreso anual de al menos $200,000 por los pasados dos a\u00f1os\/$300,000 conjuntamente con su c\u00f3nyuge, de estar casado \u2013 y tiene una expectativa razonable de generar la misma cantidad este a\u00f1o y m\u00e1s all\u00e1.[\/mk_fancy_title][mk_button dimension=&#8221;flat&#8221; corner_style=&#8221;pointed&#8221; size=&#8221;medium&#8221; outline_skin=&#8221;dark&#8221; outline_active_color=&#8221;#ffffff&#8221; outline_hover_color=&#8221;#333333&#8243; bg_color=&#8221;#b5121b&#8221; btn_hover_bg=&#8221;#252525&#8243; text_color=&#8221;light&#8221; icon_anim=&#8221;none&#8221; url=&#8221;http:\/\/www.sec.gov\/answers\/accred.htm&#8221; target=&#8221;_blank&#8221; align=&#8221;center&#8221; fullwidth=&#8221;false&#8221; button_custom_width=&#8221;0&#8243; margin_top=&#8221;0&#8243; margin_bottom=&#8221;15&#8243;]Conoce M\u00e1s[\/mk_button][mk_padding_divider size=&#8221;114&#8243;][mk_padding_divider size=&#8221;50&#8243;][mk_fancy_title tag_name=&#8221;h1&#8243; color=&#8221;#333333&#8243; size=&#8221;35&#8243; font_weight=&#8221;bold&#8221; letter_spacing=&#8221;1&#8243; margin_top=&#8221;0&#8243; margin_bottom=&#8221;20&#8243; align=&#8221;center&#8221; font_style=&#8221;inhert&#8221; txt_transform=&#8221;none&#8221; font_family=&#8221;none&#8221; style=&#8221;false&#8221;] \u00bfHa repasado <a href=\"http:\/\/iconic-caribbean.com\/eb5\/?page_id=4752#ourprocess\">Nuestro Proceso<\/a> esbozado en nuestro sitio web? <br \/>\noutlined on our website?[\/mk_fancy_title][mk_padding_divider size=&#8221;114&#8243;][mk_padding_divider size=&#8221;50&#8243;][mk_fancy_title tag_name=&#8221;h1&#8243; color=&#8221;#333333&#8243; size=&#8221;35&#8243; font_weight=&#8221;bold&#8221; letter_spacing=&#8221;1&#8243; margin_top=&#8221;0&#8243; margin_bottom=&#8221;20&#8243; align=&#8221;center&#8221; font_style=&#8221;inhert&#8221; txt_transform=&#8221;none&#8221; font_family=&#8221;none&#8221; style=&#8221;false&#8221;] \u00bfHa le\u00eddo sobre <a href=\"http:\/\/iconic-caribbean.com\/eb5\/?page_id=4733\">el programa EB-5<\/a> en nuestro sitio web y en el de <a href=\"http:\/\/www.uscis.gov\/working-united-states\/permanent-workers\/employment-based-immigration-fifth-preference-eb-5\/eb-5-immigrant-investor\" target=\"_blank\" rel=\"noopener noreferrer\">USCIS<\/a>?[\/mk_fancy_title][mk_fancy_title tag_name=&#8221;h3&#8243; color=&#8221;#333333&#8243; size=&#8221;21&#8243; font_weight=&#8221;bold&#8221; letter_spacing=&#8221;1&#8243; margin_top=&#8221;0&#8243; margin_bottom=&#8221;20&#8243; align=&#8221;center&#8221; font_style=&#8221;inhert&#8221; txt_transform=&#8221;none&#8221; font_family=&#8221;none&#8221; style=&#8221;false&#8221;]Si ha contestado \u201cs\u00ed\u201d a las tres preguntas previas, comun\u00edquese con Iconic Caribbean para comenzar su viaje hacia la residencia y eventual ciudadan\u00eda estadounidense.[\/mk_fancy_title][mk_button dimension=&#8221;flat&#8221; corner_style=&#8221;pointed&#8221; size=&#8221;medium&#8221; outline_skin=&#8221;dark&#8221; outline_active_color=&#8221;#ffffff&#8221; outline_hover_color=&#8221;#333333&#8243; bg_color=&#8221;#b5121b&#8221; btn_hover_bg=&#8221;#252525&#8243; text_color=&#8221;light&#8221; icon_anim=&#8221;none&#8221; url=&#8221;http:\/\/iconic-caribbean.com\/eb5\/?page_id=122&#8243; target=&#8221;_self&#8221; align=&#8221;center&#8221; fullwidth=&#8221;false&#8221; button_custom_width=&#8221;0&#8243; margin_top=&#8221;0&#8243; margin_bottom=&#8221;15&#8243;]Comun\u00edquese con Nosotros[\/mk_button][mk_padding_divider size=&#8221;80&#8243;][mk_padding_divider size=&#8221;80&#8243;][\/vc_column][vc_column width=&#8221;1\/6&#8243;][\/vc_column][\/vc_row]\n","protected":false},"excerpt":{"rendered":"<p>[vc_row fullwidth=&#8221;true&#8221; attached=&#8221;false&#8221; padding=&#8221;0&#8243;][vc_column width=&#8221;1\/1&#8243;][mk_page_title_box section_height=&#8221;575&#8243; bg_image=&#8221;http:\/\/iconic-caribbean.com\/eb5\/wp-content\/uploads\/2015\/04\/slide11.jpg&#8221; attachment=&#8221;scroll&#8221; bg_position=&#8221;center top&#8221; bg_stretch=&#8221;true&#8221; font_size=&#8221;45&#8243; font_weight=&#8221;normal&#8221; page_title=&#8221;How To Apply&#8221; bg_effects=&#8221;parallax&#8221; font_color=&#8221;#ffffff&#8221; sub_font_size=&#8221;26&#8243; sub_font_weight=&#8221;normal&#8221; sub_font_color=&#8221;#ffffff&#8221; bg_type=&#8221;image&#8221; text_align=&#8221;center&#8221; title_letter_spacing=&#8221;3&#8243; underline=&#8221;true&#8221; padding=&#8221;20&#8243; overlay=&#8221;rgba(10,10,10,0.42)&#8221;][mk_divider divider_width=&#8221;full_width&#8221; custom_width=&#8221;10&#8243; align=&#8221;center&#8221; border_color=&#8221;#b5121b&#8221; thickness=&#8221;3&#8243; margin_top=&#8221;0&#8243; margin_bottom=&#8221;0&#8243; style=&#8221;thin_solid&#8221;][mk_padding_divider size=&#8221;80&#8243;][\/vc_column][\/vc_row][vc_row][vc_column width=&#8221;1\/6&#8243;][\/vc_column][vc_column width=&#8221;2\/3&#8243;][mk_padding_divider size=&#8221;30&#8243;][mk_fancy_title tag_name=&#8221;h1&#8243; color=&#8221;#333333&#8243; size=&#8221;35&#8243; font_weight=&#8221;bold&#8221; letter_spacing=&#8221;1&#8243; margin_top=&#8221;0&#8243; margin_bottom=&#8221;20&#8243; align=&#8221;center&#8221; font_style=&#8221;inhert&#8221; txt_transform=&#8221;none&#8221; font_family=&#8221;none&#8221; style=&#8221;false&#8221;]\u00bfEs usted un inversionista autorizado?[\/mk_fancy_title][mk_fancy_title [&hellip;]<\/p>\n","protected":false},"author":3,"featured_media":0,"parent":0,"menu_order":0,"comment_status":"open","ping_status":"open","template":"","meta":{"footnotes":""},"class_list":["post-4515","page","type-page","status-publish","hentry"],"translation":{"provider":"WPGlobus","version":"2.10.7","language":"es","enabled_languages":["en","es"],"languages":{"en":{"title":true,"content":true,"excerpt":false},"es":{"title":true,"content":true,"excerpt":false}}},"aioseo_notices":[],"_links":{"self":[{"href":"https:\/\/iconic-caribbean.com\/es\/wp-json\/wp\/v2\/pages\/4515","targetHints":{"allow":["GET"]}}],"collection":[{"href":"https:\/\/iconic-caribbean.com\/es\/wp-json\/wp\/v2\/pages"}],"about":[{"href":"https:\/\/iconic-caribbean.com\/es\/wp-json\/wp\/v2\/types\/page"}],"author":[{"embeddable":true,"href":"https:\/\/iconic-caribbean.com\/es\/wp-json\/wp\/v2\/users\/3"}],"replies":[{"embeddable":true,"href":"https:\/\/iconic-caribbean.com\/es\/wp-json\/wp\/v2\/comments?post=4515"}],"version-history":[{"count":24,"href":"https:\/\/iconic-caribbean.com\/es\/wp-json\/wp\/v2\/pages\/4515\/revisions"}],"predecessor-version":[{"id":5364,"href":"https:\/\/iconic-caribbean.com\/es\/wp-json\/wp\/v2\/pages\/4515\/revisions\/5364"}],"wp:attachment":[{"href":"https:\/\/iconic-caribbean.com\/es\/wp-json\/wp\/v2\/media?parent=4515"}],"curies":[{"name":"wp","href":"https:\/\/api.w.org\/{rel}","templated":true}]}}