{"id":4931,"date":"2015-07-06T18:28:27","date_gmt":"2015-07-06T18:28:27","guid":{"rendered":"http:\/\/iconic-caribbean.com\/eb5\/?page_id=4931"},"modified":"2020-03-26T15:16:22","modified_gmt":"2020-03-26T15:16:22","slug":"more-information","status":"publish","type":"page","link":"https:\/\/iconic-caribbean.com\/es\/more-information\/","title":{"rendered":"Informaci\u00f3n Adicional"},"content":{"rendered":"[vc_row][vc_column width=&#8221;1\/6&#8243;][\/vc_column][vc_column width=&#8221;2\/3&#8243;][mk_padding_divider size=&#8221;30&#8243;][mk_fancy_title tag_name=&#8221;h2&#8243; style=&#8221;false&#8221; color=&#8221;#393836&#8243; size=&#8221;32&#8243; font_weight=&#8221;bold&#8221; font_style=&#8221;inhert&#8221; letter_spacing=&#8221;0&#8243; margin_top=&#8221;0&#8243; margin_bottom=&#8221;40&#8243; font_family=&#8221;none&#8221; align=&#8221;center&#8221;]Informaci\u00f3n Adicional[\/mk_fancy_title][vc_row_inner][vc_column_inner width=&#8221;1\/2&#8243;][mk_button dimension=&#8221;flat&#8221; corner_style=&#8221;pointed&#8221; size=&#8221;medium&#8221; outline_skin=&#8221;dark&#8221; outline_active_color=&#8221;#ffffff&#8221; outline_hover_color=&#8221;#333333&#8243; bg_color=&#8221;#b5121b&#8221; btn_hover_bg=&#8221;#252525&#8243; text_color=&#8221;light&#8221; icon_anim=&#8221;none&#8221; url=&#8221;http:\/\/iconic-caribbean.com\/wp-content\/uploads\/2013\/12\/Tax-Acts-20-22.pdf&#8221; target=&#8221;_blank&#8221; align=&#8221;center&#8221; fullwidth=&#8221;false&#8221; button_custom_width=&#8221;0&#8243; margin_top=&#8221;0&#8243; margin_bottom=&#8221;15&#8243;]Leyes Fiscales Descargar PDF[\/mk_button][\/vc_column_inner][vc_column_inner width=&#8221;1\/2&#8243;][mk_button dimension=&#8221;flat&#8221; corner_style=&#8221;pointed&#8221; size=&#8221;medium&#8221; outline_skin=&#8221;dark&#8221; outline_active_color=&#8221;#ffffff&#8221; outline_hover_color=&#8221;#333333&#8243; bg_color=&#8221;#b5121b&#8221; btn_hover_bg=&#8221;#252525&#8243; text_color=&#8221;light&#8221; icon_anim=&#8221;none&#8221; url=&#8221;http:\/\/iconic-caribbean.com\/eb5\/wp-content\/uploads\/2015\/07\/One-PGRS-REV-MAR-2014.pdf&#8221; target=&#8221;_blank&#8221; align=&#8221;center&#8221; fullwidth=&#8221;false&#8221; button_custom_width=&#8221;0&#8243; margin_top=&#8221;0&#8243; margin_bottom=&#8221;15&#8243;]5 Leyes del DDEC Descargar[\/mk_button][\/vc_column_inner][\/vc_row_inner][mk_padding_divider size=&#8221;30&#8243;][mk_padding_divider size=&#8221;30&#8243;][mk_padding_divider size=&#8221;30&#8243;][vc_column_text disable_pattern=&#8221;false&#8221; align=&#8221;center&#8221; margin_bottom=&#8221;10&#8243;]\n<strong>PUERTO RICO Y ESTADOS UNIDOS<\/strong><br \/>\n<strong>PARA TITULARES DE VISAS EB-5 QUE SE CONVIERTEN EN<br \/>\nRESIDENTES LEGALES DE PUERTO RICO <\/strong>[\/vc_column_text][mk_padding_divider size=&#8221;30&#8243;][vc_column_text disable_pattern=&#8221;false&#8221; align=&#8221;left&#8221; margin_bottom=&#8221;10&#8243;]<\/strong><\/p>\n<p class=\"p1\"><span class=\"s1\">Ciudadanos Extranjeros (\u201cCiudadanos Extranjeros\u201d) que han obtenido estatus de residente permanente de Estados Unidos (\u201cEE.UU.\u201d) (ej. el derecho a vivir y trabajar en EE.UU. sin l\u00edmite de tiempo) y se convierten en residentes legales de Puerto Rico (\u201cBFR-PR\u201d) conforme a <\/span><span class=\"s2\">la <\/span><span class=\"s1\">categor\u00eda de visa para inmigrantes de quinta preferencia basada en el empleo (\u201cCategor\u00eda EB-5\u201d), pueden aprovechar los beneficios fiscales otorgados por la interacci\u00f3n de la <\/span><span class=\"s3\">Ley Para Incentivar el Traslado de Individuos Inversionistas a Puerto Rico,<\/span><span class=\"s1\"> Ley 22 de 17 de enero de 2012 (\u201cLey 22\u201d), y la Ley para Promover la Exportaci\u00f3n de Servicios a Puerto Rico, Ley 20 de 17 de enero de 2012 (\u201cLey 20\u201d) y ciertas provisiones del C\u00f3digo de Rentas Internas de Estados Unidos de 1986, como enmendado (el \u201cUS-IRC\u201d).<\/span><\/p>\n<p class=\"p1\"><span class=\"s1\">Espec\u00edficamente, conforme a la interacci\u00f3n entre la Ley 22 y las secciones 933 y 937 del US-IRC, si los Ciudadanos Extranjeros se convierten en BFR-PR y obtienen una concesi\u00f3n de exenci\u00f3n contributiva bajo la Ley 22, su ingreso por intereres y dividendos y su ganancia de capital a corto y largo plazo por venta de valores est\u00e1n exentos del pago de contribuciones en P.R. y EE.UU. hasta el 31 de diciembre de 2035; con tal de que el inter\u00e9s, dividendos y ganacias de capital, como proceden, constituyan una fuente de ingreso en Puerto Rico conforme a las reglas de fuente de ingreso de US-IRC.<\/span><\/p>\n<p class=\"p1\"><span class=\"s1\">Generalmente, los intereses y dividendos de emisores de EE.UU. y emisores extranjeros no califican como fuente de ingreso en P.R. y est\u00e1n sujetas a contribuciones federales en EE.UU., pero hay fondos mutuos de P.R. (y pueden crearse instrumentos de inversi\u00f3n de prop\u00f3sito especial) que permiten que Ciudadanos Extranjeros inviertan indirectamente en acciones y valores de renta fija de emisores de EE.UU. y emisores extranjeros y reciban dividendos e intereses de fuentes en P.R. exentos del pago de contribuciones en P.R. y EE.UU. <\/span><\/p>\n<p class=\"p1\"><span class=\"s1\">Generalmente, las ganacias de capital por la venta de valores adquiridos y vendidos durante el a\u00f1o contributivo en que los Ciudadanos Extranjeros son BFR-PR constituyen una fuente de ingreso en P.R. exento del pago de contribuciones en P.R. y EE.UU. Pero, si las ganacias de capital a corto y largo plazo son el resultado de valores que pertenec\u00edan al Ciudadano Extranjero al momento de hacerse BFR-PR, la exenci\u00f3n en P.R. y EE.UU. est\u00e1 limitada a la apreciaci\u00f3n en valor durante el per\u00edodo de residencia en P.R.; salvo que los valores se vendan luego de 10 a\u00f1os de residencia en P.R., la ganancia est\u00e1 sujeta a s\u00f3lo al 5% de contribuciones en P.R. Si los valores no cotizan en la Bolsa de Valores, la apreciaci\u00f3n en valor se computa a base del per\u00edodo de tenencia del valor durante el cual el Ciudadano Extranjero ha sido BFR-PR y por lo tanto no necesariamente refleja apreciaci\u00f3n real en valor.<\/span><\/p>\n<p class=\"p1\"><span class=\"s1\">Para convertirse en BFR-PR, el Ciudadano Extranjero debe satisfacer una prueba de presencia f\u00edsica, una prueba de hogar contributivo y una prueba de conexi\u00f3n m\u00e1s cercana durante el a\u00f1o contributivo completo.<\/span><\/p>\n<p class=\"p1\"><span class=\"s1\">La prueba de Presencia F\u00edsica se cumple si el Ciudadano Extranjero satisface alguno de los siguientes requisitos: <\/span><\/p>\n<p class=\"p1\"><span class=\"s1\">(a) presencia f\u00edsica en Puerto Rico por al menos 183 d\u00edas durante el a\u00f1o contributivo;<\/span><\/p>\n<p class=\"p1\"><span class=\"s1\">(b) presencia f\u00edsica en Estados Unidos que no exceda 90 d\u00edas durante el a\u00f1o contributivo;<\/span><\/p>\n<p class=\"p1\"><span class=\"s1\">(c) presencia f\u00edsica en Puerto Rico un m\u00ednimo de 549 d\u00edas durante el per\u00edodo de tres a\u00f1os que incluye el a\u00f1o contributivo actual y los dos a\u00f1os contributivos anteriores, mientras el Ciudadano Extranjero est\u00e9 tambi\u00e9n presente en Puerto Rico por un m\u00ednimo de 60 d\u00edas durante cada a\u00f1o del periodo de tres a\u00f1os.\u00a0<\/span><\/p>\n<p class=\"p1\"><span class=\"s1\">(d) no tiene \u201cingresos devengados\u201d<\/span> <span class=\"s1\">de fuentes dentro de Estados Unidos (ej. compensaci\u00f3n generada por el Ciudadano Extranjero en Estados Unidos en exceso de $3,000 por trabajo o servicios personales), y presencia f\u00edsica en Puerto Rico por m\u00e1s d\u00edas que en Estados Unidos; <\/span><\/p>\n<p class=\"p1\"><span class=\"s1\">o<\/span><\/p>\n<p class=\"p1\"><span class=\"s1\">(e) \u201cninguna conexi\u00f3n significativa\u201d<\/span> <span class=\"s1\">con Estados Unidos.<\/span><\/p>\n<p class=\"p1\"><span class=\"s1\">El Ciudadano Extranjero no tiene una \u201cconexi\u00f3n significativa\u201d<\/span> <span class=\"s1\">con Estados Unidos si \u00e9l o ella no tiene (i) hogar permanente en Estados Unidos (incluyendo cualquier alojamiento, casa, apartmento o cuarto amueblado que est\u00e9 disponible a todas horas, continuamente y no s\u00f3lo para estad\u00edas de corta duraci\u00f3n); (ii) un c\u00f3nyuge, o hijo que no haya alcanzado la edad de 18, cuyo lugar de domicilio principal sea en Estados Unidos (a menos que el c\u00f3nyuge est\u00e9 legalmente separado bajo sentencia de divorcio o separaci\u00f3n permanente; el hijo viva en Estados Unidos con el progenitor que tiene su patria potestad o el hijo est\u00e1 en Estados Unidos como estudiante); o (iii) una inscripci\u00f3n vigente para votar en Estados Unidos.<\/span><\/p>\n<p class=\"p1\"><span class=\"s1\">Para cumplir con la \u201cprueba de hogar contributivo\u201d, el lugar de trabajo regular o principal (de ser m\u00e1s de uno) del Ciudadano Extranjero debe establecerse en P.R.<span class=\"Apple-converted-space\">\u00a0 <\/span>Ante la ausencia de dicho lugar de trabajo regular o principal debido a la naturaleza del trabajo del Ciudadano Extranjero o porque el Ciudadano Extranjero est\u00e1 empleado o retirado, su domicilio regular \u201cen un sentido real y substancial\u201d ser\u00e1 considerado \u201chogar contributivo\u201d.<\/span><\/p>\n<p class=\"p1\"><span class=\"s1\">Finalmente, para cumplir con la prueba de conexi\u00f3n m\u00e1s cercana, el Ciudadano Extranjero debe tener conexiones m\u00e1s significativas con P.R. que con Estados Unidos u otro pa\u00eds extranjero. Los siguientes son algunos de los factores que se toman en consideraci\u00f3n para determinar si se cumple con la prueba de \u201cconexi\u00f3n m\u00e1s cercana\u201d: <\/span><\/p>\n<p class=\"p1\"><span class=\"s1\">(a) la ubicaci\u00f3n del hogar permanente del Ciudadano Extranjero; <\/span><\/p>\n<p class=\"p1\"><span class=\"s1\">(b) la ubicaci\u00f3n de la familia del Ciudadano Extranjero;<\/span><\/p>\n<p class=\"p1\"><span class=\"s1\">(c) la ubicaci\u00f3n de las pertenecias personales del Ciudadano Extranjero, como autom\u00f3viles, mobiliario, vestimenta y joyas propiedad del Ciudadano Extranjero y su familia;<\/span><\/p>\n<p class=\"p1\"><span class=\"s1\">(d) la ubicaci\u00f3n de las organizaciones sociales, pol\u00edticas, culturales y religiosas con las que el Ciudadano Extranjero tiene una relaci\u00f3n; <\/span><\/p>\n<p class=\"p1\"><span class=\"s1\">(e) la ubicaci\u00f3n donde el Ciudadano Extranjero conduce sus actividades rutinarias de banca personal;<\/span><\/p>\n<p class=\"p1\"><span class=\"s1\">(f) la ubicaci\u00f3n donde el Ciudadano Extranjero conduce sus actividades de negocio (aparte de aquellas que constituyen el hogar contributivo del Ciudadano Extranjero); <\/span><\/p>\n<p class=\"p1\"><span class=\"s1\">(g) la ubicaci\u00f3n de la jurisdicci\u00f3n en donde el Ciudadano Extranjero mantiene una licencia de conducir;<\/span><\/p>\n<p class=\"p1\"><span class=\"s1\">(h) la ubicaci\u00f3n de la jurisdicci\u00f3n en donde el Ciudadano Extranjero vota; y<\/span><\/p>\n<p class=\"p1\"><span class=\"s1\">(i) el pa\u00eds de residencia designado por el Ciudadano Extranjero en todo formulario gubernamental, documento y declaraci\u00f3n fiscal oficial.\u00a0<\/span><\/p>\n<p class=\"p1\"><span class=\"s1\">Los Ciudadanos Extranjeros pueden aprovecharse adem\u00e1s de la Ley 20 y disfrutar una tasa contributiva reducida de 4% durante un per\u00edodo de 20 a\u00f1os<b> (<\/b>renovable por un t\u00e9rmino adicional de 10 a\u00f1os) sobre el ingreso relacionado a ciertos \u201cservicios elegibles\u201d que no tengan v\u00ednculo con P.R. a personas no residentes de P.R. Espec\u00edficamente, los siguientes tipos de servicios califican para los incentivos de la Ley; provisto que los servicios se ofrezcan a personas no residentes y se cumpla el requisito de \u201cno tener v\u00ednculo\u201d con P.R.: (i) actividades de investigaci\u00f3n y desarrollo (R&#038;D, en ingl\u00e9s); (ii) publicidad y relaciones p\u00fablicas; (iii) consultor\u00eda econ\u00f3mica, ambiental, tecnol\u00f3gica, cient\u00edfica, gerencial, mercadeo, recursos humanos, inform\u00e1tica y auditor\u00eda; (iv) consultor\u00eda en asuntos relacionados a comercio y negocios; (v) arte comercial y servicios gr\u00e1ficos; (vi) producci\u00f3n de planos de construcci\u00f3n, servicios de arquitectura e ingenier\u00eda y manejo de proyectos; (vii) servicios profesionales tales como, servicios legales, financieros y de contabilidad; (viii) sedes corporativas; (ix) centros de procesamiento electr\u00f3nico de informaci\u00f3n; (x) desarrollo de programas computadorizados; (xi)<b> <\/b>telecomunicaciones de data y voz entre personas localizadas fuera de Puerto Rico; (xii) centros de llamadas; (xiii) servicios provistos por centros de servicios compartidos, incluidos pero no limitados a, contabilidad, finanzas, asuntos tributarios, auditor\u00eda, mercadeo, ingenier\u00eda, control de calidad, recursos humanos, comunicaciones, procesamiento electr\u00f3nico de informaci\u00f3n y otros servicios administrativos centralizados; (xiv) centros de almacenaje y distribuci\u00f3n; (xv) servicios educativos y de entrenamiento; (xvi) servicios m\u00e9dicos y laboratorios; (xvii) banca de inversi\u00f3n y otros servicios financieros; y (xviii) cualquier otro servicio que el gobierno de Puerto Rico determine debe ser tratado como servicio elegible.<b> <\/b><\/span><\/p>\n<p class=\"p1\"><span class=\"s1\">Adem\u00e1s, si los servicios son provistos por una corporaci\u00f3n organizada bajo las leyes de P.R. o por una entidad que es tratada como entidad de tr\u00e1nsito para prop\u00f3sitos fiscales de EE.UU. que sea propiedad de un Ciudadano Extranjero, el ingreso generado por la entidad por prestaci\u00f3n de los servicios no estar\u00e1 sujeto a contribuciones federales en EE.UU. siempre que los servicios sean prestados exclusivamente en P.R.<\/span><\/p>\n<p class=\"p1\"><span class=\"s1\">Para beneficiarse de los incentivos provistos en la Ley para Promover la Exportaci\u00f3n de Servicios a Puerto Rico, un decreto de exenci\u00f3n contributiva debe ser solicitado y emitido por el Secretario del Departamento de Desarrollo Econ\u00f3mico y Comercio de Puerto Rico. Este decreto de exenci\u00f3n se considera un contrato con el gobierno de Puerto Rico que debe estar protegido de revocaci\u00f3n o enmienda por legislaci\u00f3n subsiguiente por la prohibici\u00f3n contra la alteraci\u00f3n de contratos de la Constituci\u00f3n de P.R.<\/span><\/p>\n<p class=\"p1\"><span class=\"s1\"><b>INCENTIVOS CONTRIBUTIVOS UNICOS SOBRE INGRESOS Y PATRIMONIO <\/b><\/span><\/p>\n<p class=\"p1\"><span class=\"s1\"><b>PARA TITULARES DE VISAS EB-5 QUE SE CONVIERTEN EN <\/b><\/span><\/p>\n<p class=\"p1\"><span class=\"s1\"><b>RESIDENTES LEGALES DE PUERTO RICO<\/b><\/span><\/p>\n<p class=\"p1\"><span class=\"s1\"><b>Beneficios Fiscales sobre Ingresos<\/b><\/span><\/p>\n<p class=\"p1\"><span class=\"s1\">Un ciudadano extranjero (\u201cCiudadanos Extranjeros\u201d) que recibe estatus de residente permanente de Estados Unidos (\u201cEE.UU.\u201d) (ej. el derecho a vivir y trabajar en EE.UU. sin l\u00edmite de tiempo) y se convierte en residente de alg\u00fan estado de EE.UU. o del Distrito de Colombia conforme a <\/span><span class=\"s2\">la <\/span><span class=\"s1\">categor\u00eda de visa para inmigrantes de quinta preferencia basada en el empleo (\u201cCategor\u00eda EB-5\u201d), estar\u00e1 sujeto al pago de contribuciones federales en EE.UU. hasta un m\u00e1ximo de 39.6% (o hasta un m\u00e1ximo de 43.4% en el caso de ingreso por inversiones) sobre su ingreso mundial, m\u00e1s al pago de contribuciones estatales aplicables, si alguna. No obstante, si en cambio el Ciudadano Extranjero se convierte en residente de Puerto Rico (\u201cP.R.\u201d), estar\u00e1 sujeto al pago de contribuciones federales de EE.UU. y de P.R. sobre su ingreso mundial (con la disponibilidad de recibir un cr\u00e9dito por impuestos pagados en el extranjero para evitar la doble tributaci\u00f3n)<b>, <\/b>pero su ingreso de fuentes en P.R. no estar\u00e1 sujeto al pago de contribuciones federales en EE.UU. Adem\u00e1s podr\u00e1 obtener<b> <\/b>un<b> <\/b>decreto de exenci\u00f3n contributiva bajo la Ley <\/span><span class=\"s3\">Para Incentivar el Traslado de Individuos Inversionistas a Puerto Rico,<\/span><span class=\"s1\"> Ley 22 de 17 de enero de 2012 (\u201cLey 22\u201d), conforme a la cual su ingreso por intereses y dividendos y sus ganancias de capital a corto y largo plazo por la venta de valores adquiridos luego de convertirse en residente legal de P.R. estar\u00e1n exentos del pago de contribuciones en P.R. La exenci\u00f3n en P.R. sobre intereses y dividendos no hace sentido en el caso de intereses y dividendos pagados por entidades organizadas en EE.UU. u otro lugar fuera de P.R., porque tal ingreso por intereses o dividendos generalmente no es un ingreso con fuente en P.R. y estar\u00e1 sujeto al pago de contribuciones federales en EE.UU. No obstante, las ganancias de capital a corto y largo plazo por la venta de cualquier valor (independientemente del lugar donde est\u00e9 organizado el emisor) y los dividendos e intereses pagados por entidades en P.R., generalmente se benefician de exenci\u00f3n contributiva en P.R. y EE.UU.<span class=\"Apple-converted-space\">\u00a0 <\/span>Adicionalmente, hay algunos instrumentos de inversi\u00f3n que permiten al Ciudadano Extranjero invertir indirectamente en acciones de emisores en EE.UU y el extranjero y obtener intereses y dividendos que califiquen como fuente de ingreso en P.R. que estar\u00edan exentos del pago de contribuciones en P.R. y EE.UU.<span class=\"Apple-converted-space\">\u00a0 <\/span>Finalmente, el Ciudadano Extranjero que se convierte en residente de P.R. puede establecer ciertas operaciones en P.R. (ej. operaciones para proveer servicios desde P.R. a personas no residentes de P.R., operaciones de manufactura, turismo y agricultura, entre otros) que estar\u00edan sujetas a una tasa contributiva reducida (ej. 4%), generalmente no estar\u00edan sujetas al pago de contribuci\u00f3n federal estatal en EE.UU. y cuyos dividendos estar\u00edan generalmente exentos de impuestos sobre el ingreso en P.R. y EE.UU.<\/span><\/p>\n<p class=\"p1\"><span class=\"s1\"><b>Beneficios Fiscales sobre Patrimonio<\/b><\/span><\/p>\n<p class=\"p1\"><span class=\"s1\">Si el Ciudadano Extranjero se<b> <\/b>convierte en residente de cualquier estado de EE.UU. y al momento de su fallecimiento tiene domicilio en EE.UU., su patrimonio a nivel mundial estar\u00e1 sujeto a un pago de contribuci\u00f3n federal en EE.UU. de hasta 40% hasta el punto que su patrimonio mundial exceda el cr\u00e9dito de $5,000,000 (ajustado por inflaci\u00f3n). No obstante, si en cambio el Ciudadano Extranjero se convierte en residente de P.R. y al momento de su fallecimiento tiene domicilio en P.R., s\u00f3lo la parte de su patrimonio que consista en \u201cpropiedad localizada dentro de EE.UU\u201d, si alguna, estar\u00e1 sujeta al pago de contribuci\u00f3n federal en EE.UU. Los activos del patrimonio localizados en P.R. y cualquier otro lugar fuera de EE.UU. no estar\u00e1n sujetos al pago de contribuci\u00f3n federal en EE.UU. Adem\u00e1s, si el Ciudadano Extranjero se convierte en residente de P.R. y al momento de su fallecimiento tiene domicilio en P.R., \u201cla propiedad localizada en P.R.\u201d que forma parte del patrimonio estar\u00e1 totalmente exenta del pago de contribuciones en P.R. El patrimonio estar\u00e1 expuesto a un impuesto en P.R. de 10% en los activos que no sean \u201cpropiedad localizada en P.R.\u201d pero una cuidadosa planificaci\u00f3n puede resultar en no pagar impuestos en activos localizados fuera de P.R. y EE.UU.<\/span><\/p>\n<p class=\"p1\"><span class=\"s1\">Finalmente, si el Ciudadano Extranjero se convierte en ciudadano de EE.UU. al naturalizarse en P.R. (luego de un per\u00edodo de residencia exclusiva dentro de P.R. que equivalga o exceda el m\u00ednimo de a\u00f1os de residencia en EE.UU. requerido para convertirse en ciudadano), el Ciudadano Extranjero continuar\u00e1 siendo tratado como un extranjero no-residente para efectos fiscales de EE.UU. mientras el Ciudadano Extranjero tenga su domicilio en P.R. al momento de su fallecimiento.<\/span><\/p>\n<p class=\"p1\"><span class=\"s1\"><b>El precedente resumen sobre beneficios fiscales fue preparado por Fernando Goyco-Covas y Ricardo Mu\u00f1iz, socios de asuntos tributarios en Adsuar Mu\u00f1iz Goyco Seda &#038; P\u00e9rez-Ochoa, P.S.C.<span class=\"Apple-converted-space\">\u00a0 <\/span>Para informaci\u00f3n adicional se puede comunicar con Fernando Goyco-Covas al (787) 281-1802 o por correo electr\u00f3nico: <a href=\"mailto:goyco@amgprlaw.com\">goyco@amgprlaw.com<\/a> o Ricardo Mu\u00f1iz al (787) 281-1818 o por correo electr\u00f3nico: <a href=\"mailto:muniz@amgprlaw.com\">muniz@amgprlaw.com<\/a>.<\/b><\/span><\/p>\n[\/vc_column_text][mk_padding_divider size=&#8221;30&#8243;][\/vc_column][vc_column width=&#8221;1\/6&#8243;][\/vc_column][\/vc_row]\n","protected":false},"excerpt":{"rendered":"<p>[vc_row][vc_column width=&#8221;1\/6&#8243;][\/vc_column][vc_column width=&#8221;2\/3&#8243;][mk_padding_divider size=&#8221;30&#8243;][mk_fancy_title tag_name=&#8221;h2&#8243; style=&#8221;false&#8221; color=&#8221;#393836&#8243; size=&#8221;32&#8243; font_weight=&#8221;bold&#8221; font_style=&#8221;inhert&#8221; letter_spacing=&#8221;0&#8243; margin_top=&#8221;0&#8243; margin_bottom=&#8221;40&#8243; font_family=&#8221;none&#8221; align=&#8221;center&#8221;]Informaci\u00f3n Adicional[\/mk_fancy_title][vc_row_inner][vc_column_inner width=&#8221;1\/2&#8243;][mk_button dimension=&#8221;flat&#8221; corner_style=&#8221;pointed&#8221; size=&#8221;medium&#8221; outline_skin=&#8221;dark&#8221; outline_active_color=&#8221;#ffffff&#8221; outline_hover_color=&#8221;#333333&#8243; bg_color=&#8221;#b5121b&#8221; btn_hover_bg=&#8221;#252525&#8243; text_color=&#8221;light&#8221; icon_anim=&#8221;none&#8221; url=&#8221;http:\/\/iconic-caribbean.com\/wp-content\/uploads\/2013\/12\/Tax-Acts-20-22.pdf&#8221; target=&#8221;_blank&#8221; align=&#8221;center&#8221; fullwidth=&#8221;false&#8221; button_custom_width=&#8221;0&#8243; margin_top=&#8221;0&#8243; margin_bottom=&#8221;15&#8243;]Leyes Fiscales Descargar PDF[\/mk_button][\/vc_column_inner][vc_column_inner width=&#8221;1\/2&#8243;][mk_button dimension=&#8221;flat&#8221; corner_style=&#8221;pointed&#8221; size=&#8221;medium&#8221; outline_skin=&#8221;dark&#8221; outline_active_color=&#8221;#ffffff&#8221; outline_hover_color=&#8221;#333333&#8243; bg_color=&#8221;#b5121b&#8221; btn_hover_bg=&#8221;#252525&#8243; text_color=&#8221;light&#8221; icon_anim=&#8221;none&#8221; url=&#8221;http:\/\/iconic-caribbean.com\/eb5\/wp-content\/uploads\/2015\/07\/One-PGRS-REV-MAR-2014.pdf&#8221; target=&#8221;_blank&#8221; align=&#8221;center&#8221; fullwidth=&#8221;false&#8221; button_custom_width=&#8221;0&#8243; margin_top=&#8221;0&#8243; margin_bottom=&#8221;15&#8243;]5 [&hellip;]<\/p>\n","protected":false},"author":3,"featured_media":0,"parent":0,"menu_order":0,"comment_status":"open","ping_status":"open","template":"","meta":{"footnotes":""},"class_list":["post-4931","page","type-page","status-publish","hentry"],"translation":{"provider":"WPGlobus","version":"2.10.7","language":"es","enabled_languages":["en","es"],"languages":{"en":{"title":true,"content":true,"excerpt":false},"es":{"title":true,"content":true,"excerpt":false}}},"aioseo_notices":[],"_links":{"self":[{"href":"https:\/\/iconic-caribbean.com\/es\/wp-json\/wp\/v2\/pages\/4931","targetHints":{"allow":["GET"]}}],"collection":[{"href":"https:\/\/iconic-caribbean.com\/es\/wp-json\/wp\/v2\/pages"}],"about":[{"href":"https:\/\/iconic-caribbean.com\/es\/wp-json\/wp\/v2\/types\/page"}],"author":[{"embeddable":true,"href":"https:\/\/iconic-caribbean.com\/es\/wp-json\/wp\/v2\/users\/3"}],"replies":[{"embeddable":true,"href":"https:\/\/iconic-caribbean.com\/es\/wp-json\/wp\/v2\/comments?post=4931"}],"version-history":[{"count":20,"href":"https:\/\/iconic-caribbean.com\/es\/wp-json\/wp\/v2\/pages\/4931\/revisions"}],"predecessor-version":[{"id":5377,"href":"https:\/\/iconic-caribbean.com\/es\/wp-json\/wp\/v2\/pages\/4931\/revisions\/5377"}],"wp:attachment":[{"href":"https:\/\/iconic-caribbean.com\/es\/wp-json\/wp\/v2\/media?parent=4931"}],"curies":[{"name":"wp","href":"https:\/\/api.w.org\/{rel}","templated":true}]}}