{"id":9,"date":"2014-08-15T06:38:58","date_gmt":"2014-08-15T06:38:58","guid":{"rendered":"http:\/\/artbees.net\/themes\/jupiter\/big-vision\/?page_id=9"},"modified":"2020-03-05T09:39:05","modified_gmt":"2020-03-05T09:39:05","slug":"home","status":"publish","type":"page","link":"https:\/\/iconic-caribbean.com\/es\/","title":{"rendered":"Inicio"},"content":{"rendered":"[vc_row fullwidth=&#8221;true&#8221; attached=&#8221;false&#8221; css=&#8221;.vc_custom_1408094196515{padding: 0px !important;}&#8221;][vc_column width=&#8221;1\/1&#8243;][mk_edge_slider first_el=&#8221;true&#8221; order=&#8221;ASC&#8221; orderby=&#8221;date&#8221; full_height=&#8221;false&#8221; height=&#8221;700&#8243; animation_speed=&#8221;700&#8243; slideshow_speed=&#8221;20000&#8243; parallax=&#8221;true&#8221; slides=&#8221;727&#8243; skip_arrow=&#8221;false&#8221; direction_nav=&#8221;roundslide&#8221; pagination=&#8221;stroke&#8221; swiper_bg=&#8221;#000000&#8243; animation_effect=&#8221;slide&#8221;][vc_row_inner attached=&#8221;false&#8221; padding=&#8221;0&#8243;][vc_column_inner width=&#8221;1\/4&#8243;][\/vc_column_inner][vc_column_inner width=&#8221;1\/2&#8243;][vc_column_text disable_pattern=&#8221;false&#8221; align=&#8221;center&#8221; margin_bottom=&#8221;0&#8243; el_class=&#8221;subeme&#8221;]\n<div class=\"edge-title-area\">\n<div class=\"edge-title\" style=\"font-size: 3.4375em; font-weight: normal; color: #ffffff; letter-spacing: 3px; line-height: 55px; margin-bottom: 20px; margin-top: 5px;\">BIENVENIDO A<br \/>\nICONIC CARIBBEAN<\/div>\n<div class=\"edge-desc\" style=\"color: #ffffff;\">\n<p><span style=\"font-weight: bold; color: #ffffff; line-height: 25px!important;\"> Si es usted un inversionista en ultramar, interesado en ser titular de una Tarjeta Verde y eventual ciudadano de EE.UU., a trav\u00e9s del programa EB-5, y no est\u00e1 considerando Puerto Rico, piense otra vez: Usted puede estar perdiendo una oportunidad \u00fanica para maximizar su inversi\u00f3n. <\/span><\/p>\n<div style=\"height: 15px;\"><\/div>\n<p><span style=\"font-weight: bold; color: #ffffff; line-height: 25px!important;\">Iconic Caribbean puede ayudarlo a obtener su visa EB-5 y a maximizar sus beneficios ayud\u00e1ndolo a conseguir beneficios contributivos \u00fanicos de Puerto Rico, junto a las ventajas de ser jurisdicci\u00f3n de EE.UU. <\/span><\/p>\n<div style=\"height: 20px;\"><\/div>\n<\/div>\n<\/div>\n<div class=\"edge-buttons\">\n<div class=\"mk-button-align none\"><a class=\"mk-button custom button-559b5a3eaf073 light-color mk-smooth flat-dimension large pointed mk-smooth\" href=\"#icon-on\" target=\"_self\" rel=\"noopener noreferrer\">Para m\u00e1s, Desplazar hacia abajo <\/a><\/div>\n<\/div>\n[\/vc_column_text][\/vc_column_inner][vc_column_inner width=&#8221;1\/4&#8243;][\/vc_column_inner][\/vc_row_inner][mk_divider style=&#8221;thin_solid&#8221; divider_width=&#8221;full_width&#8221; custom_width=&#8221;10&#8243; align=&#8221;center&#8221; border_color=&#8221;#b5121b&#8221; thickness=&#8221;3&#8243; margin_top=&#8221;0&#8243; margin_bottom=&#8221;0&#8243; el_class=&#8221;sube-linea&#8221;][mk_padding_divider size=&#8221;80&#8243;][\/vc_column][\/vc_row][vc_row fullwidth=&#8221;false&#8221; attached=&#8221;false&#8221; padding=&#8221;0&#8243; id=&#8221;advantages&#8221; el_class=&#8221;escondeme&#8221;][vc_column width=&#8221;1\/1&#8243;][mk_fancy_title tag_name=&#8221;h1&#8243; style=&#8221;false&#8221; color=&#8221;#000000&#8243; size=&#8221;35&#8243; font_weight=&#8221;bold&#8221; letter_spacing=&#8221;1&#8243; margin_top=&#8221;0&#8243; margin_bottom=&#8221;20&#8243; align=&#8221;center&#8221; font_style=&#8221;inhert&#8221; txt_transform=&#8221;uppercase&#8221; font_family=&#8221;none&#8221;]ADVANTAGES[\/mk_fancy_title][vc_row_inner][vc_column_inner width=&#8221;1\/6&#8243;][\/vc_column_inner][vc_column_inner width=&#8221;2\/3&#8243;][mk_fancy_title tag_name=&#8221;h3&#8243; style=&#8221;false&#8221; color=&#8221;#000000&#8243; size=&#8221;22&#8243; font_weight=&#8221;bold&#8221; letter_spacing=&#8221;1&#8243; margin_top=&#8221;0&#8243; margin_bottom=&#8221;20&#8243; align=&#8221;center&#8221; txt_transform=&#8221;none&#8221; font_style=&#8221;italic&#8221; font_family=&#8221;none&#8221;]As a Commonwealth of the U.S., Puerto Rico enjoys fiscal autonomy, which means that it can offer very attractive tax incentives not available on the mainland U.S. with the advantages of being in a U.S. environment.[\/mk_fancy_title][mk_fancy_title tag_name=&#8221;h3&#8243; style=&#8221;false&#8221; color=&#8221;#000000&#8243; size=&#8221;16&#8243; font_weight=&#8221;bold&#8221; letter_spacing=&#8221;1&#8243; margin_top=&#8221;0&#8243; margin_bottom=&#8221;20&#8243; align=&#8221;center&#8221; txt_transform=&#8221;none&#8221; font_style=&#8221;inhert&#8221; font_family=&#8221;none&#8221;]\n<div id=\"about\" class=\"about-section\">\n<div class=\"overlay-padding bg-light\">\n<div class=\"container\">\n<div class=\"row\">\n<div class=\"col-md-7\">\n<p>Your investment is as safe in Puerto Rico as it would be anywhere else in the United States .<\/p>\n<\/div>\n<\/div>\n<\/div>\n<\/div>\n<\/div>\n<div id=\"video\" class=\"video-section\"><\/div>\n[\/mk_fancy_title][\/vc_column_inner][vc_column_inner width=&#8221;1\/6&#8243;][\/vc_column_inner][\/vc_row_inner][mk_padding_divider size=&#8221;40&#8243;][\/vc_column][\/vc_row][vc_row fullwidth=&#8221;false&#8221; attached=&#8221;false&#8221; padding=&#8221;0&#8243; id=&#8221;icon-on&#8221;][vc_column width=&#8221;1\/1&#8243;][mk_imagebox show_as=&#8221;column&#8221; per_view=&#8221;4&#8243; column=&#8221;3&#8243; padding=&#8221;20&#8243; animation_speed=&#8221;700&#8243; slideshow_speed=&#8221;5000&#8243;][mk_imagebox_item icon_type=&#8221;image&#8221; item_image=&#8221;http:\/\/iconic-caribbean.com\/wp-content\/uploads\/2014\/08\/ON-IC-e1428456442173.png&#8221; image_padding=&#8221;false&#8221; background_color=&#8221;#fafafa&#8221; item_title=&#8221;\u00bfPor qu\u00e9 debo considerar una Visa EB-5?&#8221; title_text_size=&#8221;16&#8243; title_font_weight=&#8221;bold&#8221; title_color=&#8221;#b5121b&#8221; text_color=&#8221;#999999&#8243; btn_text=&#8221;Conozca m\u00e1s&#8221; btn_url=&#8221;http:\/\/iconic-caribbean.com\/?page_id=4733&#8243; btn_background_color=&#8221;#333333&#8243; btn_text_color=&#8221;#ffffff&#8221; btn_hover_background_color=&#8221;#b5121b&#8221;]\n<div style=\"display: none;\"><b>Bridge Building<\/b>: Like Puerto Rico itself, we believe we are uniquely positioned geographically, culturally, and through our historic experience to serve as a vibrant two-way bridge between the US and the rest of the world.<\/div>\n[\/mk_imagebox_item][mk_imagebox_item icon_type=&#8221;image&#8221; item_image=&#8221;http:\/\/iconic-caribbean.com\/wp-content\/uploads\/2014\/08\/ON-IC-e1428456442173.png&#8221; image_padding=&#8221;false&#8221; background_color=&#8221;#fafafa&#8221; item_title=&#8221;\u00bfCu\u00e1l es la ventaja de obtener una Visa EB-5 a trav\u00e9s del Centro Regional de Puerto Rico?&#8221; title_text_size=&#8221;16&#8243; title_font_weight=&#8221;bold&#8221; title_color=&#8221;#b5121b&#8221; text_color=&#8221;#999999&#8243; btn_text=&#8221;Conozca m\u00e1s&#8221; btn_url=&#8221;http:\/\/iconic-caribbean.com\/?page_id=4735&#8243; btn_background_color=&#8221;#333333&#8243; btn_text_color=&#8221;#ffffff&#8221; btn_hover_background_color=&#8221;#b5121b&#8221;]\n<div style=\"display: none;\"><b>Win-Win<\/b>: We are inspired by a mission that helps foreign investors and their families start a new life in the United States and its territories, while simultaneously creating many sustainable jobs in all of Puerto Rico.<\/div>\n[\/mk_imagebox_item][mk_imagebox_item icon_type=&#8221;image&#8221; item_image=&#8221;http:\/\/iconic-caribbean.com\/wp-content\/uploads\/2014\/08\/ON-IC-e1428456442173.png&#8221; image_padding=&#8221;false&#8221; background_color=&#8221;#fafafa&#8221; item_title=&#8221;Por qu\u00e9 Iconic Caribbean?&#8221; title_text_size=&#8221;16&#8243; title_font_weight=&#8221;bold&#8221; title_color=&#8221;#b5121b&#8221; text_color=&#8221;#999999&#8243; btn_text=&#8221;Conozca m\u00e1s&#8221; btn_url=&#8221;http:\/\/iconic-caribbean.com\/?page_id=4752&#8243; btn_background_color=&#8221;#333333&#8243; btn_text_color=&#8221;#ffffff&#8221; btn_hover_background_color=&#8221;#b5121b&#8221;]\n<div style=\"display: none;\"><b>Diligence<\/b>: Whether in terms of the projects we choose to sponsor, our monitoring of your investment, or our support of your visa application process with requisite data and other information, we commit to being there.<\/div>\n[\/mk_imagebox_item][\/mk_imagebox][mk_padding_divider size=&#8221;70&#8243;][\/vc_column][\/vc_row]\n","protected":false},"excerpt":{"rendered":"<p>[vc_row fullwidth=&#8221;true&#8221; attached=&#8221;false&#8221; css=&#8221;.vc_custom_1408094196515{padding: 0px !important;}&#8221;][vc_column width=&#8221;1\/1&#8243;][mk_edge_slider first_el=&#8221;true&#8221; order=&#8221;ASC&#8221; orderby=&#8221;date&#8221; full_height=&#8221;false&#8221; height=&#8221;700&#8243; animation_speed=&#8221;700&#8243; slideshow_speed=&#8221;20000&#8243; parallax=&#8221;true&#8221; slides=&#8221;727&#8243; skip_arrow=&#8221;false&#8221; direction_nav=&#8221;roundslide&#8221; pagination=&#8221;stroke&#8221; swiper_bg=&#8221;#000000&#8243; animation_effect=&#8221;slide&#8221;][vc_row_inner attached=&#8221;false&#8221; padding=&#8221;0&#8243;][vc_column_inner width=&#8221;1\/4&#8243;][\/vc_column_inner][vc_column_inner width=&#8221;1\/2&#8243;][vc_column_text disable_pattern=&#8221;false&#8221; align=&#8221;center&#8221; margin_bottom=&#8221;0&#8243; el_class=&#8221;subeme&#8221;] BIENVENIDO A ICONIC CARIBBEAN Si es usted un inversionista en ultramar, interesado en ser titular de una Tarjeta Verde y eventual ciudadano de EE.UU., a trav\u00e9s [&hellip;]<\/p>\n","protected":false},"author":3,"featured_media":0,"parent":0,"menu_order":0,"comment_status":"open","ping_status":"closed","template":"","meta":{"footnotes":""},"class_list":["post-9","page","type-page","status-publish","hentry"],"translation":{"provider":"WPGlobus","version":"2.10.7","language":"es","enabled_languages":["en","es"],"languages":{"en":{"title":true,"content":true,"excerpt":false},"es":{"title":true,"content":true,"excerpt":false}}},"aioseo_notices":[],"_links":{"self":[{"href":"https:\/\/iconic-caribbean.com\/es\/wp-json\/wp\/v2\/pages\/9","targetHints":{"allow":["GET"]}}],"collection":[{"href":"https:\/\/iconic-caribbean.com\/es\/wp-json\/wp\/v2\/pages"}],"about":[{"href":"https:\/\/iconic-caribbean.com\/es\/wp-json\/wp\/v2\/types\/page"}],"author":[{"embeddable":true,"href":"https:\/\/iconic-caribbean.com\/es\/wp-json\/wp\/v2\/users\/3"}],"replies":[{"embeddable":true,"href":"https:\/\/iconic-caribbean.com\/es\/wp-json\/wp\/v2\/comments?post=9"}],"version-history":[{"count":24,"href":"https:\/\/iconic-caribbean.com\/es\/wp-json\/wp\/v2\/pages\/9\/revisions"}],"predecessor-version":[{"id":5289,"href":"https:\/\/iconic-caribbean.com\/es\/wp-json\/wp\/v2\/pages\/9\/revisions\/5289"}],"wp:attachment":[{"href":"https:\/\/iconic-caribbean.com\/es\/wp-json\/wp\/v2\/media?parent=9"}],"curies":[{"name":"wp","href":"https:\/\/api.w.org\/{rel}","templated":true}]}}